{"id":3821,"date":"2020-03-24T13:08:46","date_gmt":"2020-03-24T13:08:46","guid":{"rendered":"https:\/\/lusasupplier.com\/about-us\/"},"modified":"2025-12-11T19:10:59","modified_gmt":"2025-12-11T19:10:59","slug":"quienes-somos","status":"publish","type":"page","link":"https:\/\/lusasupplier.com\/es\/quienes-somos\/","title":{"rendered":"Qui\u00e9nes Somos"},"content":{"rendered":"<div class=\"wpb-content-wrapper\"><p>[vc_row css=\u00bb.vc_custom_1585496151183{margin-top: 4% !important;margin-right: 8% !important;margin-left: 8% !important;}\u00bb el_id=\u00bbdesktop-laptop\u00bb el_class=\u00bbdesktop-laptop-true\u00bb][vc_column][vc_column_text]<\/p>\n<h1 class=\"page-title\"><span style=\"color: #81c100;\">QUI\u00c9NES SOMOS<\/span><\/h1>\n<p>[\/vc_column_text][vc_separator color=\u00bbblack\u00bb align=\u00bbalign_left\u00bb][vc_column_text]<\/p>\n<h2 class=\"subtitle\"><span style=\"color: #000000;\">Lusa Supplier LLC es una empresa localizada en la Ciudad de Miami, estado de Florida.<\/span><\/h2>\n<p>[\/vc_column_text][vc_separator color=\u00bbblack\u00bb align=\u00bbalign_left\u00bb][vc_single_image image=\u00bb5142&#8243; img_size=\u00bbfull\u00bb alignment=\u00bbcenter\u00bb css=\u00bb\u00bb label=\u00bb\u00bb][vc_row_inner][vc_column_inner width=\u00bb1\/2&#8243; animation_delay=\u00bb700&#8243; animation_type=\u00bbfadeInUp\u00bb][vc_column_text]<\/p>\n<p style=\"text-align: justify;\"><span style=\"color: #000000;\">Lusa Supplier cuenta con un equipo de personas que han estado los \u00faltimos 20 a\u00f1os envueltos en el negocio de la representaci\u00f3n, proyectos, ingenier\u00eda, distribuci\u00f3n, soporte t\u00e9cnico y post-venta para equipos de bombas de agua tanto superficiales como sumergibles as\u00ed como motores el\u00e9ctricos en general, sistemas de bombeo apaga incendio, bombas de manejo de productos industriales y equipos para manejo de aguas para contratistas y constructores. Nuestra visi\u00f3n sobre el negocio ha sido dar prioridad al manejo de l\u00edneas de equipos con calidad\u00a0 reconocida mundialmente as\u00ed como ocuparnos de asistir a nuestros clientes en todos sus requerimientos.<\/span><\/p>\n<p style=\"text-align: justify;\"><span style=\"color: #000000;\">Un ejemplo que demuestra que la calidad es el principal factor que est\u00e1 presente en nuestro enfoque de negocio es la cantidad de fabricantes de<\/span> <span style=\"color: #ffffff;\">equipos\u00a0<\/span><\/p>\n<p>[\/vc_column_text][\/vc_column_inner][vc_column_inner width=\u00bb1\/2&#8243; animation_delay=\u00bb700&#8243; animation_type=\u00bbfadeInUp\u00bb][vc_column_text css=\u00bb\u00bb]<\/p>\n<p style=\"text-align: justify;\"><span style=\"color: #000000;\">equipos de bombeo l\u00edderes en el mundo que representamos actualmente, SULZER, Fairbanks, Aurora Motor, Hydromatic, Imbil &amp; Panelli Spa.<\/span><\/p>\n<p style=\"text-align: justify;\"><span style=\"color: #000000;\">En Lusa Supplier estamos comprometidos a brindar los siguientes servicios a nuestros clientes: asistencia en el c\u00e1lculo, estimaci\u00f3n y especificaci\u00f3n de\u00a0 los equipos usando la amplia experiencia de nuestro personal de ventas.<\/span><\/p>\n<p style=\"text-align: justify;\"><span style=\"color: #000000;\">Contamos con una p\u00e1gina Web detallada y operativa que permite a nuestros clientes obtener informaci\u00f3n t\u00e9cnica, buscar aplicaciones de cada uno de los productos que vendemos, pedir ofertas y solicitar informaci\u00f3n t\u00e9cnica.<\/span><\/p>\n<p>[\/vc_column_text][\/vc_column_inner][\/vc_row_inner][vc_row_inner][vc_column_inner][vc_column_text css=\u00bb.vc_custom_1597983925713{padding-top: 10px !important;padding-right: 10px !important;padding-bottom: 10px !important;padding-left: 10px !important;background-color: #172f57 !important;}\u00bb el_class=\u00bbbarra_azul\u00bb]<\/p>\n<p style=\"text-align: center;\"><span style=\"font-size: 16px;\"><strong><span style=\"color: #00abce;\">Le invitamos a contactarnos con cualquier pregunta o requerimiento que tenga y estaremos encantados de atenderle y servirle.<\/span><\/strong><\/span><\/p>\n<p>[\/vc_column_text][\/vc_column_inner][\/vc_row_inner][\/vc_column][\/vc_row][vc_row css=\u00bb.vc_custom_1585494871059{margin-top: 4% !important;}\u00bb el_id=\u00bbmobile\u00bb el_class=\u00bbmobile-true\u00bb][vc_column][vc_column_text]<\/p>\n<h1 class=\"page-title\"><span style=\"color: #81c100;\">QUI\u00c9NES SOMOS<\/span><\/h1>\n<p>[\/vc_column_text][vc_separator color=\u00bbblack\u00bb align=\u00bbalign_left\u00bb][vc_column_text]<\/p>\n<h2 class=\"subtitle\">Lusa Supplier LLC es una empresa localizada en la Ciudad de Miami, estado de Florida.<\/h2>\n<p>[\/vc_column_text][vc_separator color=\u00bbblack\u00bb align=\u00bbalign_left\u00bb][vc_single_image image=\u00bb5142&#8243; img_size=\u00bbfull\u00bb alignment=\u00bbcenter\u00bb css=\u00bb\u00bb label=\u00bb\u00bb][vc_row_inner][vc_column_inner][vc_column_text]<\/p>\n<p style=\"text-align: justify;\"><span style=\"color: #000000;\">Lusa Supplier cuenta con un equipo de personas que han estado los \u00faltimos 20 a\u00f1os envueltos en el negocio de la representaci\u00f3n, proyectos, ingenier\u00eda, distribuci\u00f3n, soporte t\u00e9cnico y post-venta para equipos de bombas de agua tanto superficiales como sumergibles as\u00ed como motores el\u00e9ctricos en general, sistemas de bombeo apaga incendio, bombas de manejo de productos industriales y equipos para manejo de aguas para contratistas y constructores. Nuestra visi\u00f3n sobre el negocio ha sido dar prioridad al manejo de l\u00edneas de equipos con calidad\u00a0 reconocida mundialmente as\u00ed como ocuparnos de asistir a nuestros clientes en todos sus requerimientos.<\/span><\/p>\n<p style=\"text-align: justify;\"><span style=\"color: #000000;\">Un ejemplo que demuestra que la calidad es el principal factor que est\u00e1 presente en nuestro enfoque de negocio es la cantidad de fabricantes de equipos de bombeo l\u00edderes en el mundo que representamos actualmente, SULZER, Fairbanks, Aurora Motor, Hydromatic, Imbil, Wastecorp &amp; Panelli Spa.<\/span><\/p>\n<p style=\"text-align: justify;\"><span style=\"color: #000000;\">En Lusa Supplier estamos comprometidos a brindar los siguientes servicios a nuestros clientes: asistencia en el c\u00e1lculo, estimaci\u00f3n y especificaci\u00f3n de\u00a0 los equipos usando la amplia experiencia de nuestro personal de ventas.<\/span><\/p>\n<p>[\/vc_column_text][\/vc_column_inner][\/vc_row_inner][vc_row_inner][vc_column_inner][vc_column_text css=\u00bb.vc_custom_1597983720727{padding-top: 10px !important;padding-right: 10px !important;padding-bottom: 10px !important;padding-left: 10px !important;background-color: #172f57 !important;}\u00bb el_class=\u00bbbarra_azul\u00bb]<\/p>\n<p style=\"text-align: center;\"><span style=\"font-size: 17px;\"><strong><span style=\"color: #00abce;\">Le invitamos a contactarnos con cualquier pregunta o requerimiento que tenga y estaremos encantados de atenderle y servirle.<\/span><\/strong><\/span><\/p>\n<p>[\/vc_column_text][\/vc_column_inner][\/vc_row_inner]\n<div class=\"wpcf7 no-js\" id=\"wpcf7-f291-o1\" lang=\"en-US\" dir=\"ltr\">\n<div class=\"screen-reader-response\"><p role=\"status\" aria-live=\"polite\" aria-atomic=\"true\"><\/p> <ul><\/ul><\/div>\n<form action=\"\/es\/wp-json\/wp\/v2\/pages\/3821#wpcf7-f291-o1\" method=\"post\" class=\"wpcf7-form init\" aria-label=\"Contact form\" novalidate=\"novalidate\" data-status=\"init\">\n<div style=\"display: none;\">\n<input type=\"hidden\" name=\"_wpcf7\" value=\"291\" \/>\n<input type=\"hidden\" name=\"_wpcf7_version\" value=\"5.9.5\" \/>\n<input type=\"hidden\" name=\"_wpcf7_locale\" value=\"en_US\" \/>\n<input type=\"hidden\" name=\"_wpcf7_unit_tag\" value=\"wpcf7-f291-o1\" \/>\n<input type=\"hidden\" name=\"_wpcf7_container_post\" value=\"0\" \/>\n<input type=\"hidden\" name=\"_wpcf7_posted_data_hash\" value=\"\" \/>\n<input type=\"hidden\" name=\"_wpcf7_recaptcha_response\" value=\"\" \/>\n<\/div>\n<h3>REQUEST A QUOTE<\/strong><\/h3>\n\n<div class=\"row\">\n    <div class=\"col-lg-12\">\n        <div class=\"form-group\">\n            <label for=\"contact-name\">Name *<\/label>\n            <span class=\"wpcf7-form-control-wrap\" data-name=\"your-name\"><input size=\"40\" class=\"wpcf7-form-control wpcf7-text wpcf7-validates-as-required form-control\" id=\"contact-name\" aria-required=\"true\" aria-invalid=\"false\" value=\"\" type=\"text\" name=\"your-name\" \/><\/span>\n        <\/div>\n    <\/div>\n    <div class=\"col-lg-12\">\n        <div class=\"form-group\">\n            <label for=\"contact-email\">Email *<\/label>\n            <span class=\"wpcf7-form-control-wrap\" data-name=\"your-email\"><input size=\"40\" class=\"wpcf7-form-control wpcf7-email wpcf7-validates-as-required wpcf7-text wpcf7-validates-as-email form-control\" id=\"contact-email\" aria-required=\"true\" aria-invalid=\"false\" value=\"\" type=\"email\" name=\"your-email\" \/><\/span>\n        <\/div>\n    <\/div>\n    <div class=\"col-lg-12\">\n        <div class=\"form-group\">\n            <label for=\"contact-subject\">Phone *<\/label>\n            <span class=\"wpcf7-form-control-wrap\" data-name=\"tel-481\"><input size=\"40\" class=\"wpcf7-form-control wpcf7-tel wpcf7-validates-as-required wpcf7-text wpcf7-validates-as-tel form-control\" id=\"contact-tel\" aria-required=\"true\" aria-invalid=\"false\" value=\"\" type=\"tel\" name=\"tel-481\" \/><\/span>\n        <\/div>\n    <\/div>\n    <div class=\"col-lg-12\">\n        <div class=\"form-group\">\n            <label for=\"contact-message\">Comments *<\/label>\n            <span class=\"wpcf7-form-control-wrap\" data-name=\"your-comments\"><textarea cols=\"40\" rows=\"3\" class=\"wpcf7-form-control wpcf7-textarea wpcf7-validates-as-required form-control\" id=\"contact-comments\" aria-required=\"true\" aria-invalid=\"false\" name=\"your-comments\"><\/textarea><\/span>\n        <\/div>\n    <\/div>\n    <div class=\"col-lg-12\">\n    <span class=\"wpcf7-form-control-wrap recaptcha\" data-name=\"recaptcha\"><span data-sitekey=\"6LcVDMIZAAAAAOG6VP-U3i0WGUaV17kzFP73af2r\" class=\"wpcf7-form-control wpcf7-recaptcha g-recaptcha\"><\/span>\r\n<noscript>\r\n\t<div class=\"grecaptcha-noscript\">\r\n\t\t<iframe loading=\"lazy\" src=\"https:\/\/www.google.com\/recaptcha\/api\/fallback?k=6LcVDMIZAAAAAOG6VP-U3i0WGUaV17kzFP73af2r\" frameborder=\"0\" scrolling=\"no\" width=\"310\" height=\"430\">\r\n\t\t<\/iframe>\r\n\t\t<textarea name=\"g-recaptcha-response\" rows=\"3\" cols=\"40\" placeholder=\"reCaptcha Response Here\">\r\n\t\t<\/textarea>\r\n\t<\/div>\r\n<\/noscript>\r\n<\/span>\n    <\/div>\n    <hr>\n    <div class=\"col-lg-12\">\n        <div class=\"form-group\">\n            <input class=\"wpcf7-form-control wpcf7-submit has-spinner btn btn-secondary\" type=\"submit\" value=\"SEND REQUEST\" \/>\n        <\/div>\n    <\/div>\n<\/div><div class=\"wpcf7-response-output\" aria-hidden=\"true\"><\/div>\n<\/form>\n<\/div>\n[\/vc_column][\/vc_row]<\/p>\n<\/div>","protected":false},"excerpt":{"rendered":"<p>[vc_row css=\u00bb.vc_custom_1585496151183{margin-top: 4% !important;margin-right: 8% !important;margin-left: 8% !important;}\u00bb el_id=\u00bbdesktop-laptop\u00bb el_class=\u00bbdesktop-laptop-true\u00bb][vc_column][vc_column_text] QUI\u00c9NES SOMOS [\/vc_column_text][vc_separator color=\u00bbblack\u00bb align=\u00bbalign_left\u00bb][vc_column_text] Lusa Supplier LLC es una empresa localizada en la Ciudad de Miami, estado de Florida. [\/vc_column_text][vc_separator color=\u00bbblack\u00bb align=\u00bbalign_left\u00bb][vc_single_image image=\u00bb5142&#8243; img_size=\u00bbfull\u00bb alignment=\u00bbcenter\u00bb css=\u00bb\u00bb label=\u00bb\u00bb][vc_row_inner][vc_column_inner width=\u00bb1\/2&#8243; animation_delay=\u00bb700&#8243; animation_type=\u00bbfadeInUp\u00bb][vc_column_text] Lusa Supplier cuenta con un equipo de personas que han estado los \u00faltimos 20 [&hellip;]<\/p>\n","protected":false},"author":1,"featured_media":0,"parent":0,"menu_order":0,"comment_status":"closed","ping_status":"closed","template":"","meta":{"_monsterinsights_skip_tracking":false,"_monsterinsights_sitenote_active":false,"_monsterinsights_sitenote_note":"","_monsterinsights_sitenote_category":0,"_joinchat":[],"footnotes":""},"yoast_head":"<!-- This site is optimized with the Yoast SEO plugin v22.8 - https:\/\/yoast.com\/wordpress\/plugins\/seo\/ -->\n<title>Qui\u00e9nes Somos - Lusa Supplier<\/title>\n<meta name=\"robots\" content=\"index, follow, max-snippet:-1, max-image-preview:large, max-video-preview:-1\" \/>\n<link rel=\"canonical\" href=\"https:\/\/lusasupplier.com\/es\/quienes-somos\/\" \/>\n<meta property=\"og:locale\" content=\"es_ES\" \/>\n<meta property=\"og:type\" content=\"article\" \/>\n<meta property=\"og:title\" content=\"Qui\u00e9nes Somos - Lusa Supplier\" \/>\n<meta property=\"og:description\" content=\"[vc_row css=\u00bb.vc_custom_1585496151183{margin-top: 4% !important;margin-right: 8% !important;margin-left: 8% !important;}\u00bb el_id=\u00bbdesktop-laptop\u00bb el_class=\u00bbdesktop-laptop-true\u00bb][vc_column][vc_column_text] QUI\u00c9NES SOMOS [\/vc_column_text][vc_separator color=\u00bbblack\u00bb align=\u00bbalign_left\u00bb][vc_column_text] Lusa Supplier LLC es una empresa localizada en la Ciudad de Miami, estado de Florida. [\/vc_column_text][vc_separator color=\u00bbblack\u00bb align=\u00bbalign_left\u00bb][vc_single_image image=\u00bb5142&#8243; img_size=\u00bbfull\u00bb alignment=\u00bbcenter\u00bb css=\u00bb\u00bb label=\u00bb\u00bb][vc_row_inner][vc_column_inner width=\u00bb1\/2&#8243; animation_delay=\u00bb700&#8243; animation_type=\u00bbfadeInUp\u00bb][vc_column_text] Lusa Supplier cuenta con un equipo de personas que han estado los \u00faltimos 20 [&hellip;]\" \/>\n<meta property=\"og:url\" content=\"https:\/\/lusasupplier.com\/es\/quienes-somos\/\" \/>\n<meta property=\"og:site_name\" content=\"Lusa Supplier\" \/>\n<meta property=\"article:modified_time\" content=\"2025-12-11T19:10:59+00:00\" \/>\n<meta name=\"twitter:card\" content=\"summary_large_image\" \/>\n<meta name=\"twitter:label1\" content=\"Tiempo de lectura\" \/>\n\t<meta name=\"twitter:data1\" content=\"3 minutos\" \/>\n<script type=\"application\/ld+json\" class=\"yoast-schema-graph\">{\"@context\":\"https:\/\/schema.org\",\"@graph\":[{\"@type\":\"WebPage\",\"@id\":\"https:\/\/lusasupplier.com\/es\/quienes-somos\/\",\"url\":\"https:\/\/lusasupplier.com\/es\/quienes-somos\/\",\"name\":\"Qui\u00e9nes Somos - Lusa Supplier\",\"isPartOf\":{\"@id\":\"https:\/\/lusasupplier.com\/#website\"},\"datePublished\":\"2020-03-24T13:08:46+00:00\",\"dateModified\":\"2025-12-11T19:10:59+00:00\",\"breadcrumb\":{\"@id\":\"https:\/\/lusasupplier.com\/es\/quienes-somos\/#breadcrumb\"},\"inLanguage\":\"es\",\"potentialAction\":[{\"@type\":\"ReadAction\",\"target\":[\"https:\/\/lusasupplier.com\/es\/quienes-somos\/\"]}]},{\"@type\":\"BreadcrumbList\",\"@id\":\"https:\/\/lusasupplier.com\/es\/quienes-somos\/#breadcrumb\",\"itemListElement\":[{\"@type\":\"ListItem\",\"position\":1,\"name\":\"Home\",\"item\":\"https:\/\/lusasupplier.com\/es\/\"},{\"@type\":\"ListItem\",\"position\":2,\"name\":\"Qui\u00e9nes Somos\"}]},{\"@type\":\"WebSite\",\"@id\":\"https:\/\/lusasupplier.com\/#website\",\"url\":\"https:\/\/lusasupplier.com\/\",\"name\":\"Lusa Supplier\",\"description\":\"Quality and Customers First\",\"potentialAction\":[{\"@type\":\"SearchAction\",\"target\":{\"@type\":\"EntryPoint\",\"urlTemplate\":\"https:\/\/lusasupplier.com\/?s={search_term_string}\"},\"query-input\":\"required name=search_term_string\"}],\"inLanguage\":\"es\"}]}<\/script>\n<!-- \/ Yoast SEO plugin. -->","yoast_head_json":{"title":"Qui\u00e9nes Somos - Lusa Supplier","robots":{"index":"index","follow":"follow","max-snippet":"max-snippet:-1","max-image-preview":"max-image-preview:large","max-video-preview":"max-video-preview:-1"},"canonical":"https:\/\/lusasupplier.com\/es\/quienes-somos\/","og_locale":"es_ES","og_type":"article","og_title":"Qui\u00e9nes Somos - Lusa Supplier","og_description":"[vc_row css=\u00bb.vc_custom_1585496151183{margin-top: 4% !important;margin-right: 8% !important;margin-left: 8% !important;}\u00bb el_id=\u00bbdesktop-laptop\u00bb el_class=\u00bbdesktop-laptop-true\u00bb][vc_column][vc_column_text] QUI\u00c9NES SOMOS [\/vc_column_text][vc_separator color=\u00bbblack\u00bb align=\u00bbalign_left\u00bb][vc_column_text] Lusa Supplier LLC es una empresa localizada en la Ciudad de Miami, estado de Florida. [\/vc_column_text][vc_separator color=\u00bbblack\u00bb align=\u00bbalign_left\u00bb][vc_single_image image=\u00bb5142&#8243; img_size=\u00bbfull\u00bb alignment=\u00bbcenter\u00bb css=\u00bb\u00bb label=\u00bb\u00bb][vc_row_inner][vc_column_inner width=\u00bb1\/2&#8243; animation_delay=\u00bb700&#8243; animation_type=\u00bbfadeInUp\u00bb][vc_column_text] Lusa Supplier cuenta con un equipo de personas que han estado los \u00faltimos 20 [&hellip;]","og_url":"https:\/\/lusasupplier.com\/es\/quienes-somos\/","og_site_name":"Lusa Supplier","article_modified_time":"2025-12-11T19:10:59+00:00","twitter_card":"summary_large_image","twitter_misc":{"Tiempo de lectura":"3 minutos"},"schema":{"@context":"https:\/\/schema.org","@graph":[{"@type":"WebPage","@id":"https:\/\/lusasupplier.com\/es\/quienes-somos\/","url":"https:\/\/lusasupplier.com\/es\/quienes-somos\/","name":"Qui\u00e9nes Somos - Lusa Supplier","isPartOf":{"@id":"https:\/\/lusasupplier.com\/#website"},"datePublished":"2020-03-24T13:08:46+00:00","dateModified":"2025-12-11T19:10:59+00:00","breadcrumb":{"@id":"https:\/\/lusasupplier.com\/es\/quienes-somos\/#breadcrumb"},"inLanguage":"es","potentialAction":[{"@type":"ReadAction","target":["https:\/\/lusasupplier.com\/es\/quienes-somos\/"]}]},{"@type":"BreadcrumbList","@id":"https:\/\/lusasupplier.com\/es\/quienes-somos\/#breadcrumb","itemListElement":[{"@type":"ListItem","position":1,"name":"Home","item":"https:\/\/lusasupplier.com\/es\/"},{"@type":"ListItem","position":2,"name":"Qui\u00e9nes Somos"}]},{"@type":"WebSite","@id":"https:\/\/lusasupplier.com\/#website","url":"https:\/\/lusasupplier.com\/","name":"Lusa Supplier","description":"Quality and Customers First","potentialAction":[{"@type":"SearchAction","target":{"@type":"EntryPoint","urlTemplate":"https:\/\/lusasupplier.com\/?s={search_term_string}"},"query-input":"required name=search_term_string"}],"inLanguage":"es"}]}},"_links":{"self":[{"href":"https:\/\/lusasupplier.com\/es\/wp-json\/wp\/v2\/pages\/3821"}],"collection":[{"href":"https:\/\/lusasupplier.com\/es\/wp-json\/wp\/v2\/pages"}],"about":[{"href":"https:\/\/lusasupplier.com\/es\/wp-json\/wp\/v2\/types\/page"}],"author":[{"embeddable":true,"href":"https:\/\/lusasupplier.com\/es\/wp-json\/wp\/v2\/users\/1"}],"replies":[{"embeddable":true,"href":"https:\/\/lusasupplier.com\/es\/wp-json\/wp\/v2\/comments?post=3821"}],"version-history":[{"count":19,"href":"https:\/\/lusasupplier.com\/es\/wp-json\/wp\/v2\/pages\/3821\/revisions"}],"predecessor-version":[{"id":5274,"href":"https:\/\/lusasupplier.com\/es\/wp-json\/wp\/v2\/pages\/3821\/revisions\/5274"}],"wp:attachment":[{"href":"https:\/\/lusasupplier.com\/es\/wp-json\/wp\/v2\/media?parent=3821"}],"curies":[{"name":"wp","href":"https:\/\/api.w.org\/{rel}","templated":true}]}}