{"id":4307,"date":"2020-05-18T05:44:26","date_gmt":"2020-05-18T05:44:26","guid":{"rendered":"https:\/\/lusasupplier.com\/wet-trash-pump\/"},"modified":"2020-08-06T16:58:03","modified_gmt":"2020-08-06T16:58:03","slug":"wet-trash-pump","status":"publish","type":"page","link":"https:\/\/lusasupplier.com\/es\/wastecorp\/trash-pump\/wet-trash-pump\/","title":{"rendered":"Bomba de Manejo desechos s\u00f3lidos c\u00e1mara h\u00fameda"},"content":{"rendered":"<div class=\"wpb-content-wrapper\"><p>[vc_row css=\u00bb.vc_custom_1585502863888{margin-top: 4% !important;margin-right: 8% !important;margin-left: 8% !important;}\u00bb el_id=\u00bbdesktop-laptop\u00bb el_class=\u00bbdesktop-laptop-true\u00bb][vc_column width=\u00bb3\/4&#8243;][vc_column_text]<\/p>\n<h2 class=\"page-title\" style=\"text-align: center;\"><span style=\"color: #00abce;\">Bomba de Manejo desechos s\u00f3lidos c\u00e1mara h\u00fameda<\/span><\/h2>\n<p>[\/vc_column_text][vc_row_inner][vc_column_inner width=\u00bb1\/4&#8243;][vc_hoverbox image=\u00bb2943&#8243; primary_title=\u00bb\u00bb hover_title=\u00bbDescargar Folleto\u00bb hover_btn_title=\u00bbCLIC AQU\u00cd\u00bb hover_btn_skin=\u00bbprimary\u00bb use_custom_fonts_primary_title=\u00bbtrue\u00bb hover_add_button=\u00bbtrue\u00bb hover_btn_link=\u00bburl:https%3A%2F%2Flusasupplier.com%2Fes%2Fwet-trash-pump%2Ftfcc-series-self-prime-pump%2F|title:Bomba%20auto-cebante%20modelo%20TFCC||\u00bb][\/vc_hoverbox][vc_column_text css=\u00bb.vc_custom_1596732523711{margin-top: 4% !important;}\u00bb]<\/p>\n<h4 style=\"text-align: center;\">Bomba auto-cebante modelo TFCC<\/h4>\n<p>[\/vc_column_text][\/vc_column_inner][vc_column_inner width=\u00bb1\/4&#8243;][vc_hoverbox image=\u00bb2939&#8243; primary_title=\u00bb\u00bb hover_title=\u00bbDescargar Folleto\u00bb hover_btn_title=\u00bbCLIC AQU\u00cd\u00bb hover_btn_skin=\u00bbprimary\u00bb use_custom_fonts_primary_title=\u00bbtrue\u00bb hover_add_button=\u00bbtrue\u00bb hover_btn_link=\u00bburl:https%3A%2F%2Flusasupplier.com%2Fes%2Fwet-trash-pump%2Ftfcch-series-high-head-self-prime-pump%2F|title:Bomba%20auto-cebante%20alta%20presi%C3%B3n%20modelo%20TFCCH||\u00bb][\/vc_hoverbox][vc_column_text css=\u00bb.vc_custom_1596732592071{margin-top: 4% !important;}\u00bb]<\/p>\n<h4 style=\"text-align: center;\">Bomba auto-cebante alta presi\u00f3n modelo TFCCH<\/h4>\n<p>[\/vc_column_text][\/vc_column_inner][vc_column_inner width=\u00bb1\/4&#8243;][vc_hoverbox image=\u00bb2937&#8243; primary_title=\u00bb\u00bb hover_title=\u00bbDescargar Folleto\u00bb hover_btn_title=\u00bbCLIC AQU\u00cd\u00bb hover_btn_skin=\u00bbprimary\u00bb use_custom_fonts_primary_title=\u00bbtrue\u00bb hover_add_button=\u00bbtrue\u00bb hover_btn_link=\u00bburl:https%3A%2F%2Flusasupplier.com%2Fes%2Fwet-trash-pump%2Ftfcch-vp-series-high-head-and-flow-self-prime-pump%2F|title:Bomba%20auto-cebante%20alta%20presi%C3%B3n%20y%20caudal%20%20modelo%20TFCCH%20VP||\u00bb][\/vc_hoverbox][vc_column_text css=\u00bb.vc_custom_1596732662631{margin-top: 4% !important;}\u00bb]<\/p>\n<h4 style=\"text-align: center;\">Bomba auto-cebante alta presi\u00f3n y caudal modelo TFCCH VP<\/h4>\n<p>[\/vc_column_text][\/vc_column_inner][vc_column_inner width=\u00bb1\/4&#8243;][vc_hoverbox image=\u00bb3189&#8243; primary_title=\u00bb\u00bb hover_title=\u00bbDescargar Folleto\u00bb hover_btn_title=\u00bbCLIC AQU\u00cd\u00bb hover_btn_skin=\u00bbprimary\u00bb use_custom_fonts_primary_title=\u00bbtrue\u00bb hover_add_button=\u00bbtrue\u00bb hover_btn_link=\u00bburl:https%3A%2F%2Flusasupplier.com%2Fes%2Fwet-trash-pump%2Ftfcc-series-engine-self-prime-pump%2F|title:Bomba%20auto-cebante%20a%20combusti%C3%B3n%20modelo%20TFCC||\u00bb][\/vc_hoverbox][vc_column_text css=\u00bb.vc_custom_1596732721677{margin-top: 4% !important;}\u00bb]<\/p>\n<h4 style=\"text-align: center;\">Bomba auto-cebante a combusti\u00f3n modelo TFCC<\/h4>\n<p>[\/vc_column_text][\/vc_column_inner][\/vc_row_inner][vc_separator color=\u00bbblack\u00bb][\/vc_column][vc_column width=\u00bb1\/4&#8243;]\n<div class=\"wpcf7 no-js\" id=\"wpcf7-f3841-o1\" lang=\"en-US\" dir=\"ltr\">\n<div class=\"screen-reader-response\"><p role=\"status\" aria-live=\"polite\" aria-atomic=\"true\"><\/p> <ul><\/ul><\/div>\n<form action=\"\/es\/wp-json\/wp\/v2\/pages\/4307#wpcf7-f3841-o1\" method=\"post\" class=\"wpcf7-form init\" aria-label=\"Contact form\" novalidate=\"novalidate\" data-status=\"init\">\n<div style=\"display: none;\">\n<input type=\"hidden\" name=\"_wpcf7\" value=\"3841\" \/>\n<input type=\"hidden\" name=\"_wpcf7_version\" value=\"5.9.5\" \/>\n<input type=\"hidden\" name=\"_wpcf7_locale\" value=\"en_US\" \/>\n<input type=\"hidden\" name=\"_wpcf7_unit_tag\" value=\"wpcf7-f3841-o1\" \/>\n<input type=\"hidden\" name=\"_wpcf7_container_post\" value=\"0\" \/>\n<input type=\"hidden\" name=\"_wpcf7_posted_data_hash\" value=\"\" \/>\n<input type=\"hidden\" name=\"_wpcf7_recaptcha_response\" value=\"\" \/>\n<\/div>\n<h3>SOLICITAR COTIZACI\u00d3N<\/strong><\/h3>\n\n<div class=\"row\">\n    <div class=\"col-lg-12\">\n        <div class=\"form-group\">\n            <label for=\"contact-name\">Nombre *<\/label>\n            <span class=\"wpcf7-form-control-wrap\" data-name=\"your-name\"><input size=\"40\" class=\"wpcf7-form-control wpcf7-text wpcf7-validates-as-required form-control\" id=\"contact-name\" aria-required=\"true\" aria-invalid=\"false\" value=\"\" type=\"text\" name=\"your-name\" \/><\/span>\n        <\/div>\n    <\/div>\n    <div class=\"col-lg-12\">\n        <div class=\"form-group\">\n            <label for=\"contact-email\">Email *<\/label>\n            <span class=\"wpcf7-form-control-wrap\" data-name=\"your-email\"><input size=\"40\" class=\"wpcf7-form-control wpcf7-email wpcf7-validates-as-required wpcf7-text wpcf7-validates-as-email form-control\" id=\"contact-email\" aria-required=\"true\" aria-invalid=\"false\" value=\"\" type=\"email\" name=\"your-email\" \/><\/span>\n        <\/div>\n    <\/div>\n    <div class=\"col-lg-12\">\n        <div class=\"form-group\">\n            <label for=\"contact-subject\">Tel\u00e9fono *<\/label>\n            <span class=\"wpcf7-form-control-wrap\" data-name=\"tel-481\"><input size=\"40\" class=\"wpcf7-form-control wpcf7-tel wpcf7-validates-as-required wpcf7-text wpcf7-validates-as-tel form-control\" id=\"contact-tel\" aria-required=\"true\" aria-invalid=\"false\" value=\"\" type=\"tel\" name=\"tel-481\" \/><\/span>\n        <\/div>\n    <\/div>\n    <div class=\"col-lg-12\">\n        <div class=\"form-group\">\n            <label for=\"contact-message\">Comentarios *<\/label>\n            <span class=\"wpcf7-form-control-wrap\" data-name=\"your-comments\"><textarea cols=\"40\" rows=\"3\" class=\"wpcf7-form-control wpcf7-textarea wpcf7-validates-as-required form-control\" id=\"contact-comments\" aria-required=\"true\" aria-invalid=\"false\" name=\"your-comments\"><\/textarea><\/span>\n        <\/div>\n    <\/div>\n    <div class=\"col-lg-12\">\n    <span class=\"wpcf7-form-control-wrap recaptcha\" data-name=\"recaptcha\"><span data-sitekey=\"6LcVDMIZAAAAAOG6VP-U3i0WGUaV17kzFP73af2r\" class=\"wpcf7-form-control wpcf7-recaptcha g-recaptcha\"><\/span>\r\n<noscript>\r\n\t<div class=\"grecaptcha-noscript\">\r\n\t\t<iframe loading=\"lazy\" src=\"https:\/\/www.google.com\/recaptcha\/api\/fallback?k=6LcVDMIZAAAAAOG6VP-U3i0WGUaV17kzFP73af2r\" frameborder=\"0\" scrolling=\"no\" width=\"310\" height=\"430\">\r\n\t\t<\/iframe>\r\n\t\t<textarea name=\"g-recaptcha-response\" rows=\"3\" cols=\"40\" placeholder=\"reCaptcha Response Here\">\r\n\t\t<\/textarea>\r\n\t<\/div>\r\n<\/noscript>\r\n<\/span>\n    <\/div>\n    <hr>\n    <div class=\"col-lg-12\">\n            <input class=\"wpcf7-form-control wpcf7-submit has-spinner btn btn-secondary\" type=\"submit\" value=\"ENVIAR\" \/>\n        <\/div>\n    <\/div>\n<\/div><div class=\"wpcf7-response-output\" aria-hidden=\"true\"><\/div>\n<\/form>\n<\/div>\n[\/vc_column][\/vc_row][vc_row css=\u00bb.vc_custom_1585502926092{margin-top: 4% !important;}\u00bb el_id=\u00bbmobile\u00bb el_class=\u00bbmobile-true\u00bb][vc_column][vc_column_text]<\/p>\n<h2 class=\"page-title\" style=\"text-align: center;\"><span style=\"color: #00abce;\">Bomba de Manejo desechos s\u00f3lidos c\u00e1mara h\u00fameda<\/span><\/h2>\n<p>[\/vc_column_text][\/vc_column][\/vc_row][vc_row css=\u00bb.vc_custom_1585502926092{margin-top: 4% !important;}\u00bb el_class=\u00bbmobile-true\u00bb][vc_column width=\u00bb3\/4&#8243;][vc_row_inner][vc_column_inner width=\u00bb1\/4&#8243;][vc_hoverbox image=\u00bb2943&#8243; primary_title=\u00bb\u00bb hover_title=\u00bbDescargar Folleto\u00bb el_width=\u00bb80&#8243; hover_btn_title=\u00bbCLIC AQU\u00cd\u00bb hover_btn_skin=\u00bbprimary\u00bb use_custom_fonts_primary_title=\u00bbtrue\u00bb hover_add_button=\u00bbtrue\u00bb hover_btn_link=\u00bburl:https%3A%2F%2Flusasupplier.com%2Fes%2Fwet-trash-pump%2Ftfcc-series-self-prime-pump%2F|title:Bomba%20auto-cebante%20modelo%20TFCC||\u00bb][\/vc_hoverbox][vc_column_text css=\u00bb.vc_custom_1596732523711{margin-top: 4% !important;}\u00bb]<\/p>\n<h4 style=\"text-align: center;\">Bomba auto-cebante modelo TFCC<\/h4>\n<p>[\/vc_column_text][\/vc_column_inner][vc_column_inner width=\u00bb1\/4&#8243;][vc_hoverbox image=\u00bb2939&#8243; primary_title=\u00bb\u00bb hover_title=\u00bbDescargar Folleto\u00bb el_width=\u00bb80&#8243; hover_btn_title=\u00bbCLIC AQU\u00cd\u00bb hover_btn_skin=\u00bbprimary\u00bb use_custom_fonts_primary_title=\u00bbtrue\u00bb hover_add_button=\u00bbtrue\u00bb hover_btn_link=\u00bburl:https%3A%2F%2Flusasupplier.com%2Fes%2Fwet-trash-pump%2Ftfcch-series-high-head-self-prime-pump%2F|title:Bomba%20auto-cebante%20alta%20presi%C3%B3n%20modelo%20TFCCH||\u00bb][\/vc_hoverbox][vc_column_text css=\u00bb.vc_custom_1596732592071{margin-top: 4% !important;}\u00bb]<\/p>\n<h4 style=\"text-align: center;\">Bomba auto-cebante alta presi\u00f3n modelo TFCCH<\/h4>\n<p>[\/vc_column_text][\/vc_column_inner][vc_column_inner width=\u00bb1\/4&#8243;][vc_hoverbox image=\u00bb2937&#8243; primary_title=\u00bb\u00bb hover_title=\u00bbDescargar Folleto\u00bb el_width=\u00bb80&#8243; hover_btn_title=\u00bbCLIC AQU\u00cd\u00bb hover_btn_skin=\u00bbprimary\u00bb use_custom_fonts_primary_title=\u00bbtrue\u00bb hover_add_button=\u00bbtrue\u00bb hover_btn_link=\u00bburl:https%3A%2F%2Flusasupplier.com%2Fes%2Fwet-trash-pump%2Ftfcch-vp-series-high-head-and-flow-self-prime-pump%2F|title:Bomba%20auto-cebante%20alta%20presi%C3%B3n%20y%20caudal%20%20modelo%20TFCCH%20VP||\u00bb][\/vc_hoverbox][vc_column_text css=\u00bb.vc_custom_1596732662631{margin-top: 4% !important;}\u00bb]<\/p>\n<h4 style=\"text-align: center;\">Bomba auto-cebante alta presi\u00f3n y caudal modelo TFCCH VP<\/h4>\n<p>[\/vc_column_text][\/vc_column_inner][vc_column_inner width=\u00bb1\/4&#8243;][vc_hoverbox image=\u00bb3189&#8243; primary_title=\u00bb\u00bb hover_title=\u00bbDescargar Folleto\u00bb el_width=\u00bb80&#8243; hover_btn_title=\u00bbCLIC AQU\u00cd\u00bb hover_btn_skin=\u00bbprimary\u00bb use_custom_fonts_primary_title=\u00bbtrue\u00bb hover_add_button=\u00bbtrue\u00bb hover_btn_link=\u00bburl:https%3A%2F%2Flusasupplier.com%2Fes%2Fwet-trash-pump%2Ftfcc-series-engine-self-prime-pump%2F|title:Bomba%20auto-cebante%20a%20combusti%C3%B3n%20modelo%20TFCC||\u00bb][\/vc_hoverbox][vc_column_text css=\u00bb.vc_custom_1596732721677{margin-top: 4% !important;}\u00bb]<\/p>\n<h4 style=\"text-align: center;\">Bomba auto-cebante a combusti\u00f3n modelo TFCC<\/h4>\n<p>[\/vc_column_text][\/vc_column_inner][\/vc_row_inner][vc_separator color=\u00bbblack\u00bb][\/vc_column][vc_column width=\u00bb1\/4&#8243;]\n<div class=\"wpcf7 no-js\" id=\"wpcf7-f3841-o2\" lang=\"en-US\" dir=\"ltr\">\n<div class=\"screen-reader-response\"><p role=\"status\" aria-live=\"polite\" aria-atomic=\"true\"><\/p> <ul><\/ul><\/div>\n<form action=\"\/es\/wp-json\/wp\/v2\/pages\/4307#wpcf7-f3841-o2\" method=\"post\" class=\"wpcf7-form init\" aria-label=\"Contact form\" novalidate=\"novalidate\" data-status=\"init\">\n<div style=\"display: none;\">\n<input type=\"hidden\" name=\"_wpcf7\" value=\"3841\" \/>\n<input type=\"hidden\" name=\"_wpcf7_version\" value=\"5.9.5\" \/>\n<input type=\"hidden\" name=\"_wpcf7_locale\" value=\"en_US\" \/>\n<input type=\"hidden\" name=\"_wpcf7_unit_tag\" value=\"wpcf7-f3841-o2\" \/>\n<input type=\"hidden\" name=\"_wpcf7_container_post\" value=\"0\" \/>\n<input type=\"hidden\" name=\"_wpcf7_posted_data_hash\" value=\"\" \/>\n<input type=\"hidden\" name=\"_wpcf7_recaptcha_response\" value=\"\" \/>\n<\/div>\n<h3>SOLICITAR COTIZACI\u00d3N<\/strong><\/h3>\n\n<div class=\"row\">\n    <div class=\"col-lg-12\">\n        <div class=\"form-group\">\n            <label for=\"contact-name\">Nombre *<\/label>\n            <span class=\"wpcf7-form-control-wrap\" data-name=\"your-name\"><input size=\"40\" class=\"wpcf7-form-control wpcf7-text wpcf7-validates-as-required form-control\" aria-required=\"true\" aria-invalid=\"false\" value=\"\" type=\"text\" name=\"your-name\" \/><\/span>\n        <\/div>\n    <\/div>\n    <div class=\"col-lg-12\">\n        <div class=\"form-group\">\n            <label for=\"contact-email\">Email *<\/label>\n            <span class=\"wpcf7-form-control-wrap\" data-name=\"your-email\"><input size=\"40\" class=\"wpcf7-form-control wpcf7-email wpcf7-validates-as-required wpcf7-text wpcf7-validates-as-email form-control\" aria-required=\"true\" aria-invalid=\"false\" value=\"\" type=\"email\" name=\"your-email\" \/><\/span>\n        <\/div>\n    <\/div>\n    <div class=\"col-lg-12\">\n        <div class=\"form-group\">\n            <label for=\"contact-subject\">Tel\u00e9fono *<\/label>\n            <span class=\"wpcf7-form-control-wrap\" data-name=\"tel-481\"><input size=\"40\" class=\"wpcf7-form-control wpcf7-tel wpcf7-validates-as-required wpcf7-text wpcf7-validates-as-tel form-control\" aria-required=\"true\" aria-invalid=\"false\" value=\"\" type=\"tel\" name=\"tel-481\" \/><\/span>\n        <\/div>\n    <\/div>\n    <div class=\"col-lg-12\">\n        <div class=\"form-group\">\n            <label for=\"contact-message\">Comentarios *<\/label>\n            <span class=\"wpcf7-form-control-wrap\" data-name=\"your-comments\"><textarea cols=\"40\" rows=\"3\" class=\"wpcf7-form-control wpcf7-textarea wpcf7-validates-as-required form-control\" aria-required=\"true\" aria-invalid=\"false\" name=\"your-comments\"><\/textarea><\/span>\n        <\/div>\n    <\/div>\n    <div class=\"col-lg-12\">\n    <span class=\"wpcf7-form-control-wrap recaptcha\" data-name=\"recaptcha\"><span data-sitekey=\"6LcVDMIZAAAAAOG6VP-U3i0WGUaV17kzFP73af2r\" class=\"wpcf7-form-control wpcf7-recaptcha g-recaptcha\"><\/span>\r\n<noscript>\r\n\t<div class=\"grecaptcha-noscript\">\r\n\t\t<iframe loading=\"lazy\" src=\"https:\/\/www.google.com\/recaptcha\/api\/fallback?k=6LcVDMIZAAAAAOG6VP-U3i0WGUaV17kzFP73af2r\" frameborder=\"0\" scrolling=\"no\" width=\"310\" height=\"430\">\r\n\t\t<\/iframe>\r\n\t\t<textarea name=\"g-recaptcha-response\" rows=\"3\" cols=\"40\" placeholder=\"reCaptcha Response Here\">\r\n\t\t<\/textarea>\r\n\t<\/div>\r\n<\/noscript>\r\n<\/span>\n    <\/div>\n    <hr>\n    <div class=\"col-lg-12\">\n            <input class=\"wpcf7-form-control wpcf7-submit has-spinner btn btn-secondary\" type=\"submit\" value=\"ENVIAR\" \/>\n        <\/div>\n    <\/div>\n<\/div><div class=\"wpcf7-response-output\" aria-hidden=\"true\"><\/div>\n<\/form>\n<\/div>\n[\/vc_column][\/vc_row]<\/p>\n<\/div>","protected":false},"excerpt":{"rendered":"<p>[vc_row css=\u00bb.vc_custom_1585502863888{margin-top: 4% !important;margin-right: 8% !important;margin-left: 8% !important;}\u00bb el_id=\u00bbdesktop-laptop\u00bb el_class=\u00bbdesktop-laptop-true\u00bb][vc_column width=\u00bb3\/4&#8243;][vc_column_text] Bomba de Manejo desechos s\u00f3lidos c\u00e1mara h\u00fameda [\/vc_column_text][vc_row_inner][vc_column_inner width=\u00bb1\/4&#8243;][vc_hoverbox image=\u00bb2943&#8243; primary_title=\u00bb\u00bb hover_title=\u00bbDescargar Folleto\u00bb hover_btn_title=\u00bbCLIC AQU\u00cd\u00bb hover_btn_skin=\u00bbprimary\u00bb use_custom_fonts_primary_title=\u00bbtrue\u00bb hover_add_button=\u00bbtrue\u00bb hover_btn_link=\u00bburl:https%3A%2F%2Flusasupplier.com%2Fes%2Fwet-trash-pump%2Ftfcc-series-self-prime-pump%2F|title:Bomba%20auto-cebante%20modelo%20TFCC||\u00bb][\/vc_hoverbox][vc_column_text css=\u00bb.vc_custom_1596732523711{margin-top: 4% !important;}\u00bb] Bomba auto-cebante modelo TFCC [\/vc_column_text][\/vc_column_inner][vc_column_inner width=\u00bb1\/4&#8243;][vc_hoverbox image=\u00bb2939&#8243; primary_title=\u00bb\u00bb hover_title=\u00bbDescargar Folleto\u00bb hover_btn_title=\u00bbCLIC AQU\u00cd\u00bb hover_btn_skin=\u00bbprimary\u00bb use_custom_fonts_primary_title=\u00bbtrue\u00bb hover_add_button=\u00bbtrue\u00bb hover_btn_link=\u00bburl:https%3A%2F%2Flusasupplier.com%2Fes%2Fwet-trash-pump%2Ftfcch-series-high-head-self-prime-pump%2F|title:Bomba%20auto-cebante%20alta%20presi%C3%B3n%20modelo%20TFCCH||\u00bb][\/vc_hoverbox][vc_column_text css=\u00bb.vc_custom_1596732592071{margin-top: 4% !important;}\u00bb] Bomba auto-cebante alta [&hellip;]<\/p>\n","protected":false},"author":1,"featured_media":0,"parent":4313,"menu_order":0,"comment_status":"closed","ping_status":"closed","template":"","meta":{"_monsterinsights_skip_tracking":false,"_monsterinsights_sitenote_active":false,"_monsterinsights_sitenote_note":"","_monsterinsights_sitenote_category":0,"_joinchat":[],"footnotes":""},"yoast_head":"<!-- This site is optimized with the Yoast SEO plugin v22.8 - https:\/\/yoast.com\/wordpress\/plugins\/seo\/ -->\n<title>Bomba de Manejo desechos s\u00f3lidos c\u00e1mara h\u00fameda - Lusa Supplier<\/title>\n<meta name=\"robots\" content=\"index, follow, max-snippet:-1, max-image-preview:large, max-video-preview:-1\" \/>\n<link rel=\"canonical\" href=\"https:\/\/lusasupplier.com\/es\/wastecorp\/trash-pump\/wet-trash-pump\/\" \/>\n<meta property=\"og:locale\" content=\"es_ES\" \/>\n<meta property=\"og:type\" content=\"article\" \/>\n<meta property=\"og:title\" content=\"Bomba de Manejo desechos s\u00f3lidos c\u00e1mara h\u00fameda - Lusa Supplier\" \/>\n<meta property=\"og:description\" content=\"[vc_row css=\u00bb.vc_custom_1585502863888{margin-top: 4% !important;margin-right: 8% !important;margin-left: 8% !important;}\u00bb el_id=\u00bbdesktop-laptop\u00bb el_class=\u00bbdesktop-laptop-true\u00bb][vc_column width=\u00bb3\/4&#8243;][vc_column_text] Bomba de Manejo desechos s\u00f3lidos c\u00e1mara h\u00fameda [\/vc_column_text][vc_row_inner][vc_column_inner width=\u00bb1\/4&#8243;][vc_hoverbox image=\u00bb2943&#8243; primary_title=\u00bb\u00bb hover_title=\u00bbDescargar Folleto\u00bb hover_btn_title=\u00bbCLIC AQU\u00cd\u00bb hover_btn_skin=\u00bbprimary\u00bb use_custom_fonts_primary_title=\u00bbtrue\u00bb hover_add_button=\u00bbtrue\u00bb hover_btn_link=\u00bburl:https%3A%2F%2Flusasupplier.com%2Fes%2Fwet-trash-pump%2Ftfcc-series-self-prime-pump%2F|title:Bomba%20auto-cebante%20modelo%20TFCC||\u00bb][\/vc_hoverbox][vc_column_text css=\u00bb.vc_custom_1596732523711{margin-top: 4% !important;}\u00bb] Bomba auto-cebante modelo TFCC [\/vc_column_text][\/vc_column_inner][vc_column_inner width=\u00bb1\/4&#8243;][vc_hoverbox image=\u00bb2939&#8243; primary_title=\u00bb\u00bb hover_title=\u00bbDescargar Folleto\u00bb hover_btn_title=\u00bbCLIC AQU\u00cd\u00bb hover_btn_skin=\u00bbprimary\u00bb use_custom_fonts_primary_title=\u00bbtrue\u00bb hover_add_button=\u00bbtrue\u00bb hover_btn_link=\u00bburl:https%3A%2F%2Flusasupplier.com%2Fes%2Fwet-trash-pump%2Ftfcch-series-high-head-self-prime-pump%2F|title:Bomba%20auto-cebante%20alta%20presi%C3%B3n%20modelo%20TFCCH||\u00bb][\/vc_hoverbox][vc_column_text css=\u00bb.vc_custom_1596732592071{margin-top: 4% !important;}\u00bb] Bomba auto-cebante alta [&hellip;]\" \/>\n<meta property=\"og:url\" content=\"https:\/\/lusasupplier.com\/es\/wastecorp\/trash-pump\/wet-trash-pump\/\" \/>\n<meta property=\"og:site_name\" content=\"Lusa Supplier\" \/>\n<meta property=\"article:modified_time\" content=\"2020-08-06T16:58:03+00:00\" \/>\n<meta name=\"twitter:card\" content=\"summary_large_image\" \/>\n<meta name=\"twitter:label1\" content=\"Tiempo de lectura\" \/>\n\t<meta name=\"twitter:data1\" content=\"4 minutos\" \/>\n<script type=\"application\/ld+json\" class=\"yoast-schema-graph\">{\"@context\":\"https:\/\/schema.org\",\"@graph\":[{\"@type\":\"WebPage\",\"@id\":\"https:\/\/lusasupplier.com\/es\/wastecorp\/trash-pump\/wet-trash-pump\/\",\"url\":\"https:\/\/lusasupplier.com\/es\/wastecorp\/trash-pump\/wet-trash-pump\/\",\"name\":\"Bomba de Manejo desechos s\u00f3lidos c\u00e1mara h\u00fameda - Lusa Supplier\",\"isPartOf\":{\"@id\":\"https:\/\/lusasupplier.com\/#website\"},\"datePublished\":\"2020-05-18T05:44:26+00:00\",\"dateModified\":\"2020-08-06T16:58:03+00:00\",\"breadcrumb\":{\"@id\":\"https:\/\/lusasupplier.com\/es\/wastecorp\/trash-pump\/wet-trash-pump\/#breadcrumb\"},\"inLanguage\":\"es\",\"potentialAction\":[{\"@type\":\"ReadAction\",\"target\":[\"https:\/\/lusasupplier.com\/es\/wastecorp\/trash-pump\/wet-trash-pump\/\"]}]},{\"@type\":\"BreadcrumbList\",\"@id\":\"https:\/\/lusasupplier.com\/es\/wastecorp\/trash-pump\/wet-trash-pump\/#breadcrumb\",\"itemListElement\":[{\"@type\":\"ListItem\",\"position\":1,\"name\":\"Home\",\"item\":\"https:\/\/lusasupplier.com\/es\/\"},{\"@type\":\"ListItem\",\"position\":2,\"name\":\"WASTECORP\",\"item\":\"https:\/\/lusasupplier.com\/es\/wastecorp\/\"},{\"@type\":\"ListItem\",\"position\":3,\"name\":\"Bomba de Manejo desechos s\u00f3lidos\",\"item\":\"https:\/\/lusasupplier.com\/es\/wastecorp\/trash-pump\/\"},{\"@type\":\"ListItem\",\"position\":4,\"name\":\"Bomba de Manejo desechos s\u00f3lidos c\u00e1mara h\u00fameda\"}]},{\"@type\":\"WebSite\",\"@id\":\"https:\/\/lusasupplier.com\/#website\",\"url\":\"https:\/\/lusasupplier.com\/\",\"name\":\"Lusa Supplier\",\"description\":\"Quality and Customers First\",\"potentialAction\":[{\"@type\":\"SearchAction\",\"target\":{\"@type\":\"EntryPoint\",\"urlTemplate\":\"https:\/\/lusasupplier.com\/?s={search_term_string}\"},\"query-input\":\"required name=search_term_string\"}],\"inLanguage\":\"es\"}]}<\/script>\n<!-- \/ Yoast SEO plugin. -->","yoast_head_json":{"title":"Bomba de Manejo desechos s\u00f3lidos c\u00e1mara h\u00fameda - Lusa Supplier","robots":{"index":"index","follow":"follow","max-snippet":"max-snippet:-1","max-image-preview":"max-image-preview:large","max-video-preview":"max-video-preview:-1"},"canonical":"https:\/\/lusasupplier.com\/es\/wastecorp\/trash-pump\/wet-trash-pump\/","og_locale":"es_ES","og_type":"article","og_title":"Bomba de Manejo desechos s\u00f3lidos c\u00e1mara h\u00fameda - Lusa Supplier","og_description":"[vc_row css=\u00bb.vc_custom_1585502863888{margin-top: 4% !important;margin-right: 8% !important;margin-left: 8% !important;}\u00bb el_id=\u00bbdesktop-laptop\u00bb el_class=\u00bbdesktop-laptop-true\u00bb][vc_column width=\u00bb3\/4&#8243;][vc_column_text] Bomba de Manejo desechos s\u00f3lidos c\u00e1mara h\u00fameda [\/vc_column_text][vc_row_inner][vc_column_inner width=\u00bb1\/4&#8243;][vc_hoverbox image=\u00bb2943&#8243; primary_title=\u00bb\u00bb hover_title=\u00bbDescargar Folleto\u00bb hover_btn_title=\u00bbCLIC AQU\u00cd\u00bb hover_btn_skin=\u00bbprimary\u00bb use_custom_fonts_primary_title=\u00bbtrue\u00bb hover_add_button=\u00bbtrue\u00bb hover_btn_link=\u00bburl:https%3A%2F%2Flusasupplier.com%2Fes%2Fwet-trash-pump%2Ftfcc-series-self-prime-pump%2F|title:Bomba%20auto-cebante%20modelo%20TFCC||\u00bb][\/vc_hoverbox][vc_column_text css=\u00bb.vc_custom_1596732523711{margin-top: 4% !important;}\u00bb] Bomba auto-cebante modelo TFCC [\/vc_column_text][\/vc_column_inner][vc_column_inner width=\u00bb1\/4&#8243;][vc_hoverbox image=\u00bb2939&#8243; primary_title=\u00bb\u00bb hover_title=\u00bbDescargar Folleto\u00bb hover_btn_title=\u00bbCLIC AQU\u00cd\u00bb hover_btn_skin=\u00bbprimary\u00bb use_custom_fonts_primary_title=\u00bbtrue\u00bb hover_add_button=\u00bbtrue\u00bb hover_btn_link=\u00bburl:https%3A%2F%2Flusasupplier.com%2Fes%2Fwet-trash-pump%2Ftfcch-series-high-head-self-prime-pump%2F|title:Bomba%20auto-cebante%20alta%20presi%C3%B3n%20modelo%20TFCCH||\u00bb][\/vc_hoverbox][vc_column_text css=\u00bb.vc_custom_1596732592071{margin-top: 4% !important;}\u00bb] Bomba auto-cebante alta [&hellip;]","og_url":"https:\/\/lusasupplier.com\/es\/wastecorp\/trash-pump\/wet-trash-pump\/","og_site_name":"Lusa Supplier","article_modified_time":"2020-08-06T16:58:03+00:00","twitter_card":"summary_large_image","twitter_misc":{"Tiempo de lectura":"4 minutos"},"schema":{"@context":"https:\/\/schema.org","@graph":[{"@type":"WebPage","@id":"https:\/\/lusasupplier.com\/es\/wastecorp\/trash-pump\/wet-trash-pump\/","url":"https:\/\/lusasupplier.com\/es\/wastecorp\/trash-pump\/wet-trash-pump\/","name":"Bomba de Manejo desechos s\u00f3lidos c\u00e1mara h\u00fameda - Lusa Supplier","isPartOf":{"@id":"https:\/\/lusasupplier.com\/#website"},"datePublished":"2020-05-18T05:44:26+00:00","dateModified":"2020-08-06T16:58:03+00:00","breadcrumb":{"@id":"https:\/\/lusasupplier.com\/es\/wastecorp\/trash-pump\/wet-trash-pump\/#breadcrumb"},"inLanguage":"es","potentialAction":[{"@type":"ReadAction","target":["https:\/\/lusasupplier.com\/es\/wastecorp\/trash-pump\/wet-trash-pump\/"]}]},{"@type":"BreadcrumbList","@id":"https:\/\/lusasupplier.com\/es\/wastecorp\/trash-pump\/wet-trash-pump\/#breadcrumb","itemListElement":[{"@type":"ListItem","position":1,"name":"Home","item":"https:\/\/lusasupplier.com\/es\/"},{"@type":"ListItem","position":2,"name":"WASTECORP","item":"https:\/\/lusasupplier.com\/es\/wastecorp\/"},{"@type":"ListItem","position":3,"name":"Bomba de Manejo desechos s\u00f3lidos","item":"https:\/\/lusasupplier.com\/es\/wastecorp\/trash-pump\/"},{"@type":"ListItem","position":4,"name":"Bomba de Manejo desechos s\u00f3lidos c\u00e1mara h\u00fameda"}]},{"@type":"WebSite","@id":"https:\/\/lusasupplier.com\/#website","url":"https:\/\/lusasupplier.com\/","name":"Lusa Supplier","description":"Quality and Customers First","potentialAction":[{"@type":"SearchAction","target":{"@type":"EntryPoint","urlTemplate":"https:\/\/lusasupplier.com\/?s={search_term_string}"},"query-input":"required name=search_term_string"}],"inLanguage":"es"}]}},"_links":{"self":[{"href":"https:\/\/lusasupplier.com\/es\/wp-json\/wp\/v2\/pages\/4307"}],"collection":[{"href":"https:\/\/lusasupplier.com\/es\/wp-json\/wp\/v2\/pages"}],"about":[{"href":"https:\/\/lusasupplier.com\/es\/wp-json\/wp\/v2\/types\/page"}],"author":[{"embeddable":true,"href":"https:\/\/lusasupplier.com\/es\/wp-json\/wp\/v2\/users\/1"}],"replies":[{"embeddable":true,"href":"https:\/\/lusasupplier.com\/es\/wp-json\/wp\/v2\/comments?post=4307"}],"version-history":[{"count":5,"href":"https:\/\/lusasupplier.com\/es\/wp-json\/wp\/v2\/pages\/4307\/revisions"}],"predecessor-version":[{"id":4312,"href":"https:\/\/lusasupplier.com\/es\/wp-json\/wp\/v2\/pages\/4307\/revisions\/4312"}],"up":[{"embeddable":true,"href":"https:\/\/lusasupplier.com\/es\/wp-json\/wp\/v2\/pages\/4313"}],"wp:attachment":[{"href":"https:\/\/lusasupplier.com\/es\/wp-json\/wp\/v2\/media?parent=4307"}],"curies":[{"name":"wp","href":"https:\/\/api.w.org\/{rel}","templated":true}]}}